{"id":6,"date":"2023-05-27T12:47:36","date_gmt":"2023-05-27T12:47:36","guid":{"rendered":"https:\/\/fenproject.com\/demotraduccion\/?page_id=6"},"modified":"2023-05-28T16:48:53","modified_gmt":"2023-05-28T16:48:53","slug":"home","status":"publish","type":"page","link":"https:\/\/fenproject.com\/demotraduccion\/","title":{"rendered":"HOME"},"content":{"rendered":"\n<div class=\"contenedorPrincipal\">\n\t\t<div id=\"contenedor1\">\n\t\t\t<div id=\"imagenContenedor1\">\n\t\t\t\t<img decoding=\"async\" id=\"imagen1\" src=\"https:\/\/fenproject.com\/demotraduccion\/wp-content\/uploads\/2023\/05\/Silvia_Multilingual_interpretation_services_taking_place_in_a_m_a1c52ede-8f07-4dc0-92ca-f46137b8396e.webp\">\n\t\t\t<\/div>\n\t\t\t\n\t\t\t<div id=\"textoContenedor1\">\n\t\t\t\t<h2 id=\"cabecera1\">\n\t\t\t\tServicios profesionales de traducci\u00f3n\n\t\t\t<\/h2>\n\t\t\t<p id=\"parrafo1\">\n\t\t\t\tExperimenta el poder de servicios de traducci\u00f3n precisos y confiables, dise\u00f1ados para satisfacer tus necesidades. Nuestro equipo de ling\u00fcistas expertos se dedica a ofrecer resultados excepcionales, garantizando que tu mensaje llegue a una audiencia global con precisi\u00f3n y claridad. Conf\u00eda en nosotros para superar las barreras del idioma y abrir nuevas oportunidades para tu negocio.\n\t\t\t<\/p>\n                        <button id=\"btnContactar\">CONTACTA<\/button>\n\t\t\t<\/div>\n\t\t\t\n\t\t<\/div>\n                \n\t\t<div id=\"contenedor2\">\n\t\t\t<div class=\"areas-especializacion\">\n  <div class=\"area\">\n    <h2>Traducci\u00f3n M\u00e9dica<\/h2>\n    <p>Ofrecemos servicios de traducci\u00f3n especializados en el campo m\u00e9dico, incluyendo documentos, informes y estudios cl\u00ednicos.<\/p>\n  <\/div>\n  <div class=\"area\">\n    <h2>Traducci\u00f3n Legal<\/h2>\n    <p>Contamos con traductores especializados en terminolog\u00eda legal para garantizar una traducci\u00f3n precisa y confiable de documentos legales y contratos.<\/p>\n  <\/div>\n  <div class=\"area\">\n    <h2>Traducci\u00f3n T\u00e9cnica<\/h2>\n    <p>Brindamos servicios de traducci\u00f3n t\u00e9cnica para manuales, especificaciones, patentes y documentos relacionados con la ingenier\u00eda y la tecnolog\u00eda.<\/p>\n  <\/div>\n  <div class=\"area\">\n    <h2>Traducci\u00f3n Marketing<\/h2>\n    <p>Apoyamos tus estrategias de marketing global con traducciones creativas y adaptadas culturalmente para anuncios, folletos, contenido web y m\u00e1s.<\/p>\n  <\/div>\n<\/div>\n<\/div>\n  \n\n\t\t<div id=\"contenedor3\">\n\t\t\t<div class=\"proyectos-destacados\">\n  <h2>Proyectos Destacados<\/h2>\n  <div class=\"proyecto\">\n    <div class=\"imagen-proyecto\" style=\"background-image: url('https:\/\/fenproject.com\/demotraduccion\/wp-content\/uploads\/2023\/05\/pexels-monoar-rahman-109371.webp');\"><\/div>\n    <h3>Redise\u00f1o de Sitio Web Corporativo<\/h3>\n    <p>Realizamos un redise\u00f1o completo del sitio web corporativo de una empresa l\u00edder en el sector financiero. Nos enfocamos en mejorar la experiencia del usuario, optimizar la estructura de navegaci\u00f3n y modernizar la est\u00e9tica del sitio. Implementamos un dise\u00f1o responsivo y compatible con dispositivos m\u00f3viles para garantizar una experiencia de navegaci\u00f3n fluida en todas las pantallas.<\/p>\n    <a href=\"#\" class=\"ver-mas\">VER M\u00c1S<\/a>\n  <\/div>\n  <div class=\"proyecto\">\n    <div class=\"imagen-proyecto\" style=\"background-image: url('https:\/\/fenproject.com\/demotraduccion\/wp-content\/uploads\/2023\/05\/pexels-fauxels-3184292.webp');\"><\/div>\n    <h3>Traducci\u00f3n de Documentos T\u00e9cnicos<\/h3>\n    <p>Realizamos la traducci\u00f3n precisa y especializada de una extensa serie de documentos t\u00e9cnicos para una empresa de ingenier\u00eda. Nos aseguramos de capturar la terminolog\u00eda t\u00e9cnica adecuada y transmitir el contenido de manera clara y precisa en el idioma de destino. Adem\u00e1s, realizamos una exhaustiva revisi\u00f3n de calidad para garantizar la coherencia y precisi\u00f3n en todos los documentos traducidos.<\/p>\n    <a href=\"#\" class=\"ver-mas\">VER M\u00c1S<\/a>\n  <\/div>\n  <div class=\"proyecto\">\n    <div class=\"imagen-proyecto\" style=\"background-image: url('https:\/\/fenproject.com\/demotraduccion\/wp-content\/uploads\/2023\/05\/pexels-thisisengineering-3861972.webp');\"><\/div>\n    <h3>Adaptaci\u00f3n de Software<\/h3>\n    <p>Llevamos a cabo la adaptaci\u00f3n de un software empresarial para una empresa de tecnolog\u00eda l\u00edder en el mercado internacional. Adaptamos la interfaz, los men\u00fas, los mensajes y la documentaci\u00f3n del software a diferentes idiomas y culturas. Nos aseguramos de que la experiencia del usuario sea coherente y fluida, y de que el software cumpla con los requisitos ling\u00fc\u00edsticos y culturales de cada mercado objetivo.<\/p>\n    <a href=\"#\" class=\"ver-mas\">VER M\u00c1S<\/a>\n  <\/div>\n<\/div>\n\n\t\t\n\n\t<\/div>\n\n\n\n<figure class=\"wp-block-gallery has-nested-images columns-default is-cropped wp-block-gallery-1 is-layout-flex wp-block-gallery-is-layout-flex\"><\/figure>\n\n\n\n<p><\/p>\n","protected":false},"excerpt":{"rendered":"<p>Servicios profesionales de traducci\u00f3n Experimenta el poder de servicios de traducci\u00f3n precisos y confiables, dise\u00f1ados para satisfacer tus necesidades. Nuestro equipo de ling\u00fcistas expertos se dedica a ofrecer resultados excepcionales, garantizando que tu mensaje llegue a una audiencia global con precisi\u00f3n y claridad. Conf\u00eda en nosotros para superar las barreras del idioma y abrir nuevas&hellip;&nbsp;<a href=\"https:\/\/fenproject.com\/demotraduccion\/\" class=\"\" rel=\"bookmark\">Leer m\u00e1s &raquo;<span class=\"screen-reader-text\">HOME<\/span><\/a><\/p>\n","protected":false},"author":1,"featured_media":14,"parent":0,"menu_order":0,"comment_status":"closed","ping_status":"closed","template":"","meta":{"om_disable_all_campaigns":false,"neve_meta_sidebar":"","neve_meta_container":"","neve_meta_enable_content_width":"","neve_meta_content_width":0,"neve_meta_title_alignment":"","neve_meta_author_avatar":"","neve_post_elements_order":"","neve_meta_disable_header":"","neve_meta_disable_footer":"","neve_meta_disable_title":"","footnotes":""},"_links":{"self":[{"href":"https:\/\/fenproject.com\/demotraduccion\/wp-json\/wp\/v2\/pages\/6"}],"collection":[{"href":"https:\/\/fenproject.com\/demotraduccion\/wp-json\/wp\/v2\/pages"}],"about":[{"href":"https:\/\/fenproject.com\/demotraduccion\/wp-json\/wp\/v2\/types\/page"}],"author":[{"embeddable":true,"href":"https:\/\/fenproject.com\/demotraduccion\/wp-json\/wp\/v2\/users\/1"}],"replies":[{"embeddable":true,"href":"https:\/\/fenproject.com\/demotraduccion\/wp-json\/wp\/v2\/comments?post=6"}],"version-history":[{"count":35,"href":"https:\/\/fenproject.com\/demotraduccion\/wp-json\/wp\/v2\/pages\/6\/revisions"}],"predecessor-version":[{"id":100,"href":"https:\/\/fenproject.com\/demotraduccion\/wp-json\/wp\/v2\/pages\/6\/revisions\/100"}],"wp:featuredmedia":[{"embeddable":true,"href":"https:\/\/fenproject.com\/demotraduccion\/wp-json\/wp\/v2\/media\/14"}],"wp:attachment":[{"href":"https:\/\/fenproject.com\/demotraduccion\/wp-json\/wp\/v2\/media?parent=6"}],"curies":[{"name":"wp","href":"https:\/\/api.w.org\/{rel}","templated":true}]}}